{"id":1376,"date":"2021-11-09T00:23:39","date_gmt":"2021-11-09T05:23:39","guid":{"rendered":"https:\/\/kishwar-ecuador.org\/?page_id=1376"},"modified":"2022-09-06T12:00:38","modified_gmt":"2022-09-06T17:00:38","slug":"traegerverein","status":"publish","type":"page","link":"https:\/\/kishwar-ecuador.org\/de\/ueber-uns\/traegerverein\/","title":{"rendered":"Tr\u00e4gerverein"},"content":{"rendered":"<div id=\"cs-content\" class=\"cs-content\"><\/div>\n","protected":false},"excerpt":{"rendered":"<p>Tr\u00e4gerverein Kishwar Ziel und Zweck Der Tr\u00e4gerverein bezweckt die Unterst\u00fctzung und St\u00e4rkung der Ziele, Themenschwerpunkte und Handlungsgrunds\u00e4tze der &#8222;Fundaci\u00f3n KISHWAR\u201d in Ecuador, insbesondere mit der Beschaffung von finanziellen Mitteln sowie von technischen Hilfsmitteln.Kontakt Schweiz Tr\u00e4gerverein &#8230; <a href=\"https:\/\/kishwar-ecuador.org\/de\/ueber-uns\/traegerverein\/\" class=\"more-link\">Read More<\/a><\/p>\n","protected":false},"author":1,"featured_media":0,"parent":321,"menu_order":0,"comment_status":"closed","ping_status":"closed","template":"template-blank-4.php","meta":{"footnotes":""},"class_list":["post-1376","page","type-page","status-publish","hentry","no-post-thumbnail"],"_links":{"self":[{"href":"https:\/\/kishwar-ecuador.org\/de\/wp-json\/wp\/v2\/pages\/1376","targetHints":{"allow":["GET"]}}],"collection":[{"href":"https:\/\/kishwar-ecuador.org\/de\/wp-json\/wp\/v2\/pages"}],"about":[{"href":"https:\/\/kishwar-ecuador.org\/de\/wp-json\/wp\/v2\/types\/page"}],"author":[{"embeddable":true,"href":"https:\/\/kishwar-ecuador.org\/de\/wp-json\/wp\/v2\/users\/1"}],"replies":[{"embeddable":true,"href":"https:\/\/kishwar-ecuador.org\/de\/wp-json\/wp\/v2\/comments?post=1376"}],"version-history":[{"count":0,"href":"https:\/\/kishwar-ecuador.org\/de\/wp-json\/wp\/v2\/pages\/1376\/revisions"}],"up":[{"embeddable":true,"href":"https:\/\/kishwar-ecuador.org\/de\/wp-json\/wp\/v2\/pages\/321"}],"wp:attachment":[{"href":"https:\/\/kishwar-ecuador.org\/de\/wp-json\/wp\/v2\/media?parent=1376"}],"curies":[{"name":"wp","href":"https:\/\/api.w.org\/{rel}","templated":true}]}}